{"id":6923,"date":"2025-09-24T16:10:52","date_gmt":"2025-09-24T16:10:52","guid":{"rendered":"https:\/\/gecelca3.com.co\/es\/?page_id=6923"},"modified":"2025-09-24T16:19:14","modified_gmt":"2025-09-24T16:19:14","slug":"verificacion-de-inventario-huella-de-carbono","status":"publish","type":"page","link":"https:\/\/gecelca3.com.co\/es\/verificacion-de-inventario-huella-de-carbono\/","title":{"rendered":"verificacion de inventario huella de carbono"},"content":{"rendered":"<p>[et_pb_section fb_built=\u00bb1&#8243; _builder_version=\u00bb4.27.4&#8243; _module_preset=\u00bbdefault\u00bb global_colors_info=\u00bb{}\u00bb][et_pb_row column_structure=\u00bb1_2,1_2&#8243; _builder_version=\u00bb4.27.4&#8243; _module_preset=\u00bbdefault\u00bb width=\u00bb100%\u00bb max_width=\u00bb2560px\u00bb global_colors_info=\u00bb{}\u00bb][et_pb_column type=\u00bb1_2&#8243; _builder_version=\u00bb4.27.4&#8243; _module_preset=\u00bbdefault\u00bb global_colors_info=\u00bb{}\u00bb][et_pb_heading title=\u00bb\u00a1GECELCA 3 reafirma su compromiso con la sostenibilidad! \u00bb _builder_version=\u00bb4.27.4&#8243; _module_preset=\u00bbdefault\u00bb title_font=\u00bb|700|||||||\u00bb title_text_color=\u00bb#154280&#8243; max_width=\u00bb73%\u00bb module_alignment=\u00bbright\u00bb hover_enabled=\u00bb0&#8243; locked=\u00bboff\u00bb global_colors_info=\u00bb{}\u00bb sticky_enabled=\u00bb0&#8243;][\/et_pb_heading][et_pb_text _builder_version=\u00bb4.27.4&#8243; _module_preset=\u00bbdefault\u00bb text_font=\u00bb&#8211;et_global_body_font||||||||\u00bb text_text_color=\u00bb#000000&#8243; text_font_size=\u00bb18px\u00bb max_width=\u00bb73%\u00bb module_alignment=\u00bbright\u00bb custom_margin=\u00bb-37px||25px||false|false\u00bb locked=\u00bboff\u00bb global_colors_info=\u00bb{}\u00bb]<\/p>\n<div data-olk-copy-source=\"MessageBody\" style=\"text-align: justify;\">Nuestro<span>\u00a0<\/span><b>Inventario de Gases de Efecto Invernadero (GEI)<\/b>\u00a0ha sido elaborado bajo los lineamientos del<span>\u00a0<\/span><b>GHG Protocol<\/b>\u00a0y cuenta con la<span>\u00a0<\/span><b>verificaci\u00f3n independiente de ICONTEC<\/b>.<\/div>\n<div><\/div>\n<div><\/div>\n<p>[\/et_pb_text][et_pb_blurb title=\u00bbTransparencia en la gesti\u00f3n de nuestras emisiones\u00bb use_icon=\u00bbon\u00bb font_icon=\u00bb&#x5a;||divi||400&#8243; icon_placement=\u00bbleft\u00bb content_max_width=\u00bb1100px\u00bb _builder_version=\u00bb4.27.4&#8243; _module_preset=\u00bbdefault\u00bb header_text_align=\u00bbleft\u00bb header_text_color=\u00bb#000000&#8243; header_font_size=\u00bb16px\u00bb body_text_align=\u00bbleft\u00bb image_icon_custom_margin=\u00bb-5px||||false|false\u00bb max_width=\u00bb73%\u00bb module_alignment=\u00bbright\u00bb custom_margin=\u00bb||21px|||\u00bb locked=\u00bboff\u00bb global_colors_info=\u00bb{}\u00bb][\/et_pb_blurb][et_pb_blurb title=\u00bbConfianza en los procesos de medici\u00f3n y reporte\u00bb use_icon=\u00bbon\u00bb font_icon=\u00bb&#x5a;||divi||400&#8243; icon_placement=\u00bbleft\u00bb content_max_width=\u00bb1100px\u00bb _builder_version=\u00bb4.27.4&#8243; _module_preset=\u00bbdefault\u00bb header_text_align=\u00bbleft\u00bb header_text_color=\u00bb#000000&#8243; header_font_size=\u00bb16px\u00bb body_text_align=\u00bbleft\u00bb image_icon_custom_margin=\u00bb-5px||||false|false\u00bb max_width=\u00bb73%\u00bb module_alignment=\u00bbright\u00bb custom_margin=\u00bb||24px|||\u00bb locked=\u00bboff\u00bb global_colors_info=\u00bb{}\u00bb][\/et_pb_blurb][et_pb_blurb title=\u00bbCompromiso real con la acci\u00f3n clim\u00e1tica\u00bb use_icon=\u00bbon\u00bb font_icon=\u00bb&#x5a;||divi||400&#8243; icon_placement=\u00bbleft\u00bb content_max_width=\u00bb1100px\u00bb _builder_version=\u00bb4.27.4&#8243; _module_preset=\u00bbdefault\u00bb header_text_align=\u00bbleft\u00bb header_text_color=\u00bb#000000&#8243; header_font_size=\u00bb16px\u00bb body_text_align=\u00bbleft\u00bb image_icon_custom_margin=\u00bb-5px||||false|false\u00bb max_width=\u00bb73%\u00bb module_alignment=\u00bbright\u00bb custom_margin=\u00bb||27px|||\u00bb locked=\u00bboff\u00bb global_colors_info=\u00bb{}\u00bb][\/et_pb_blurb][et_pb_text _builder_version=\u00bb4.27.4&#8243; _module_preset=\u00bbdefault\u00bb text_font=\u00bb&#8211;et_global_body_font||||||||\u00bb text_text_color=\u00bb#000000&#8243; text_font_size=\u00bb18px\u00bb max_width=\u00bb73%\u00bb module_alignment=\u00bbright\u00bb custom_margin=\u00bb||||false|false\u00bb locked=\u00bboff\u00bb global_colors_info=\u00bb{}\u00bb]<\/p>\n<div data-olk-copy-source=\"MessageBody\" style=\"text-align: justify;\"><span data-olk-copy-source=\"MessageBody\">Con esta verificaci\u00f3n, seguimos avanzando en el camino hacia una gesti\u00f3n m\u00e1s responsable y sostenible, aportando a la construcci\u00f3n de un futuro con menos emisiones y m\u00e1s conciencia ambiental.<\/span><\/div>\n<div><\/div>\n<div><\/div>\n<p>[\/et_pb_text][\/et_pb_column][et_pb_column type=\u00bb1_2&#8243; _builder_version=\u00bb4.27.4&#8243; _module_preset=\u00bbdefault\u00bb global_colors_info=\u00bb{}\u00bb][et_pb_image src=\u00bbhttps:\/\/gecelca3.com.co\/es\/wp-content\/uploads\/2025\/09\/img-huella-carbono-scaled.jpg\u00bb title_text=\u00bbimg-huella-carbono\u00bb _builder_version=\u00bb4.27.4&#8243; _module_preset=\u00bbdefault\u00bb width=\u00bb100%\u00bb max_width=\u00bb90%\u00bb module_alignment=\u00bbright\u00bb border_radii=\u00bboff||||360px\u00bb global_colors_info=\u00bb{}\u00bb][\/et_pb_image][\/et_pb_column][\/et_pb_row][et_pb_row column_structure=\u00bb1_4,1_4,1_4,1_4&#8243; _builder_version=\u00bb4.27.4&#8243; _module_preset=\u00bbdefault\u00bb width=\u00bb95%\u00bb max_width=\u00bb1433px\u00bb global_colors_info=\u00bb{}\u00bb][et_pb_column type=\u00bb1_4&#8243; _builder_version=\u00bb4.27.4&#8243; _module_preset=\u00bbdefault\u00bb global_colors_info=\u00bb{}\u00bb][et_pb_blurb url_new_window=\u00bbon\u00bb image=\u00bbhttps:\/\/gecelca3.com.co\/es\/wp-content\/uploads\/2024\/04\/icon-pdf.svg\u00bb icon_placement=\u00bbleft\u00bb image_icon_width=\u00bb54px\u00bb content_max_width=\u00bb1100px\u00bb _builder_version=\u00bb4.27.4&#8243; _module_preset=\u00bbdefault\u00bb body_text_color=\u00bb#000000&#8243; width=\u00bb100%\u00bb custom_margin=\u00bb-10px||||false|false\u00bb custom_padding=\u00bb20px|10px||10px|false|false\u00bb animation_style=\u00bbbounce\u00bb animation=\u00bbleft\u00bb link_option_url=\u00bbhttps:\/\/s3.gecelca.com.co\/shared\/webgecelca3\/conocenos\/gestion entrategica\/INVENTARIO DE HUELLA DE CARBONO\/FPS0429.-DECLARACION_Verificacion_GEI_GECELCA _Periodo_2024.V01F.(GHG).pdf\u00bb link_option_url_new_window=\u00bbon\u00bb hover_enabled=\u00bb0&#8243; custom_css_main_element=\u00bbmin-height:100px; \u00bb border_radii=\u00bbon|10px|10px|10px|10px\u00bb box_shadow_style=\u00bbpreset1&#8243; locked=\u00bboff\u00bb global_colors_info=\u00bb{}\u00bb transform_styles__hover_enabled=\u00bbon|hover\u00bb transform_scale__hover=\u00bb105%|105%\u00bb transform_scale__hover_enabled=\u00bbon|hover\u00bb transform_translate__hover_enabled=\u00bbon|desktop\u00bb transform_rotate__hover_enabled=\u00bbon|desktop\u00bb transform_skew__hover_enabled=\u00bbon|desktop\u00bb transform_origin__hover_enabled=\u00bbon|desktop\u00bb sticky_enabled=\u00bb0&#8243;]<\/p>\n<p>Inventario de gases de efecto invernadero a\u00f1o 2024<\/p>\n<p>[\/et_pb_blurb][\/et_pb_column][et_pb_column type=\u00bb1_4&#8243; _builder_version=\u00bb4.27.4&#8243; _module_preset=\u00bbdefault\u00bb global_colors_info=\u00bb{}\u00bb][et_pb_blurb url_new_window=\u00bbon\u00bb image=\u00bbhttps:\/\/gecelca3.com.co\/es\/wp-content\/uploads\/2024\/04\/icon-pdf.svg\u00bb icon_placement=\u00bbleft\u00bb image_icon_width=\u00bb54px\u00bb content_max_width=\u00bb1100px\u00bb _builder_version=\u00bb4.27.4&#8243; _module_preset=\u00bbdefault\u00bb body_text_color=\u00bb#000000&#8243; width=\u00bb100%\u00bb custom_margin=\u00bb-10px||||false|false\u00bb custom_padding=\u00bb20px|||10px|false|false\u00bb animation_style=\u00bbbounce\u00bb animation=\u00bbleft\u00bb link_option_url=\u00bbhttps:\/\/s3.gecelca.com.co\/shared\/webgecelca3\/conocenos\/gestion entrategica\/INVENTARIO DE HUELLA DE CARBONO\/FPS429V1DeclaracionInventariodeGEI GECELCA S.A. E.S.P_.pdf\u00bb link_option_url_new_window=\u00bbon\u00bb hover_enabled=\u00bb0&#8243; custom_css_main_element=\u00bbmin-height:100px; \u00bb border_radii=\u00bbon|10px|10px|10px|10px\u00bb box_shadow_style=\u00bbpreset1&#8243; locked=\u00bboff\u00bb global_colors_info=\u00bb{}\u00bb transform_styles__hover_enabled=\u00bbon|hover\u00bb transform_scale__hover=\u00bb105%|105%\u00bb transform_scale__hover_enabled=\u00bbon|hover\u00bb transform_translate__hover_enabled=\u00bbon|desktop\u00bb transform_rotate__hover_enabled=\u00bbon|desktop\u00bb transform_skew__hover_enabled=\u00bbon|desktop\u00bb transform_origin__hover_enabled=\u00bbon|desktop\u00bb sticky_enabled=\u00bb0&#8243;]<\/p>\n<p>Inventario de gases de efecto invernadero a\u00f1o 2023<\/p>\n<p>[\/et_pb_blurb][\/et_pb_column][et_pb_column type=\u00bb1_4&#8243; _builder_version=\u00bb4.27.4&#8243; _module_preset=\u00bbdefault\u00bb global_colors_info=\u00bb{}\u00bb][et_pb_blurb url_new_window=\u00bbon\u00bb image=\u00bbhttps:\/\/gecelca3.com.co\/es\/wp-content\/uploads\/2024\/04\/icon-pdf.svg\u00bb icon_placement=\u00bbleft\u00bb image_icon_width=\u00bb54px\u00bb content_max_width=\u00bb1100px\u00bb _builder_version=\u00bb4.27.4&#8243; _module_preset=\u00bbdefault\u00bb body_text_color=\u00bb#000000&#8243; width=\u00bb100%\u00bb custom_margin=\u00bb-10px||||false|false\u00bb custom_padding=\u00bb20px|||10px|false|false\u00bb animation_style=\u00bbbounce\u00bb animation=\u00bbleft\u00bb link_option_url=\u00bbhttps:\/\/s3.gecelca.com.co\/shared\/webgecelca3\/conocenos\/gestion entrategica\/INVENTARIO DE HUELLA DE CARBONO\/DECLARACION I. GEI &#8211; ICONTEC 2022.pdf\u00bb link_option_url_new_window=\u00bbon\u00bb hover_enabled=\u00bb0&#8243; custom_css_main_element=\u00bbmin-height:100px; \u00bb border_radii=\u00bbon|10px|10px|10px|10px\u00bb box_shadow_style=\u00bbpreset1&#8243; locked=\u00bboff\u00bb global_colors_info=\u00bb{}\u00bb transform_styles__hover_enabled=\u00bbon|hover\u00bb transform_scale__hover=\u00bb105%|105%\u00bb transform_scale__hover_enabled=\u00bbon|hover\u00bb transform_translate__hover_enabled=\u00bbon|desktop\u00bb transform_rotate__hover_enabled=\u00bbon|desktop\u00bb transform_skew__hover_enabled=\u00bbon|desktop\u00bb transform_origin__hover_enabled=\u00bbon|desktop\u00bb sticky_enabled=\u00bb0&#8243;]<\/p>\n<p>Inventario de gases de efecto invernadero a\u00f1o 2022<\/p>\n<p>[\/et_pb_blurb][\/et_pb_column][et_pb_column type=\u00bb1_4&#8243; _builder_version=\u00bb4.27.4&#8243; _module_preset=\u00bbdefault\u00bb global_colors_info=\u00bb{}\u00bb][et_pb_blurb url_new_window=\u00bbon\u00bb image=\u00bbhttps:\/\/gecelca3.com.co\/es\/wp-content\/uploads\/2024\/04\/icon-pdf.svg\u00bb icon_placement=\u00bbleft\u00bb image_icon_width=\u00bb54px\u00bb content_max_width=\u00bb1100px\u00bb _builder_version=\u00bb4.27.4&#8243; _module_preset=\u00bbdefault\u00bb body_text_color=\u00bb#000000&#8243; width=\u00bb100%\u00bb custom_margin=\u00bb-10px||||false|false\u00bb custom_padding=\u00bb20px|||10px|false|false\u00bb animation_style=\u00bbbounce\u00bb animation=\u00bbleft\u00bb link_option_url=\u00bbhttps:\/\/s3.gecelca.com.co\/shared\/webgecelca3\/conocenos\/gestion entrategica\/INVENTARIO DE HUELLA DE CARBONO\/0. DECLARACION VERIFICACION INV GEI 2021.pdf\u00bb link_option_url_new_window=\u00bbon\u00bb hover_enabled=\u00bb0&#8243; custom_css_main_element=\u00bbmin-height:100px; \u00bb border_radii=\u00bbon|10px|10px|10px|10px\u00bb box_shadow_style=\u00bbpreset1&#8243; locked=\u00bboff\u00bb global_colors_info=\u00bb{}\u00bb transform_styles__hover_enabled=\u00bbon|hover\u00bb transform_scale__hover=\u00bb105%|105%\u00bb transform_scale__hover_enabled=\u00bbon|hover\u00bb transform_translate__hover_enabled=\u00bbon|desktop\u00bb transform_rotate__hover_enabled=\u00bbon|desktop\u00bb transform_skew__hover_enabled=\u00bbon|desktop\u00bb transform_origin__hover_enabled=\u00bbon|desktop\u00bb sticky_enabled=\u00bb0&#8243;]<\/p>\n<p>Inventario de gases de efecto invernadero a\u00f1o 2021<\/p>\n<p>[\/et_pb_blurb][\/et_pb_column][\/et_pb_row][\/et_pb_section]<\/p>\n","protected":false},"excerpt":{"rendered":"<p>Nuestro\u00a0Inventario de Gases de Efecto Invernadero (GEI)\u00a0ha sido elaborado bajo los lineamientos del\u00a0GHG Protocol\u00a0y cuenta con la\u00a0verificaci\u00f3n independiente de ICONTEC. Con esta verificaci\u00f3n, seguimos avanzando en el camino hacia una\u2026 <a href=\"https:\/\/gecelca3.com.co\/es\/verificacion-de-inventario-huella-de-carbono\/\">Read More &raquo;<\/a><\/p>\n","protected":false},"author":1,"featured_media":0,"parent":0,"menu_order":0,"comment_status":"closed","ping_status":"closed","template":"","meta":{"_et_pb_use_builder":"on","_et_pb_old_content":"","_et_gb_content_width":"","footnotes":""},"class_list":["post-6923","page","type-page","status-publish","hentry"],"_links":{"self":[{"href":"https:\/\/gecelca3.com.co\/es\/wp-json\/wp\/v2\/pages\/6923","targetHints":{"allow":["GET"]}}],"collection":[{"href":"https:\/\/gecelca3.com.co\/es\/wp-json\/wp\/v2\/pages"}],"about":[{"href":"https:\/\/gecelca3.com.co\/es\/wp-json\/wp\/v2\/types\/page"}],"author":[{"embeddable":true,"href":"https:\/\/gecelca3.com.co\/es\/wp-json\/wp\/v2\/users\/1"}],"replies":[{"embeddable":true,"href":"https:\/\/gecelca3.com.co\/es\/wp-json\/wp\/v2\/comments?post=6923"}],"version-history":[{"count":4,"href":"https:\/\/gecelca3.com.co\/es\/wp-json\/wp\/v2\/pages\/6923\/revisions"}],"predecessor-version":[{"id":6930,"href":"https:\/\/gecelca3.com.co\/es\/wp-json\/wp\/v2\/pages\/6923\/revisions\/6930"}],"wp:attachment":[{"href":"https:\/\/gecelca3.com.co\/es\/wp-json\/wp\/v2\/media?parent=6923"}],"curies":[{"name":"wp","href":"https:\/\/api.w.org\/{rel}","templated":true}]}}