{"id":3625,"date":"2024-08-26T05:06:13","date_gmt":"2024-08-26T05:06:13","guid":{"rendered":"https:\/\/purple-octopus-624233.hostingersite.com\/?page_id=3625"},"modified":"2026-02-24T13:32:08","modified_gmt":"2026-02-24T13:32:08","slug":"registro-pqrs","status":"publish","type":"page","link":"https:\/\/gecelca3.com.co\/es\/registro-pqrs\/","title":{"rendered":"REGISTRO PQRS"},"content":{"rendered":"<p>[et_pb_section fb_built=\u00bb1&#8243; _builder_version=\u00bb4.27.4&#8243; _module_preset=\u00bbdefault\u00bb use_background_color_gradient=\u00bbon\u00bb background_color_gradient_direction=\u00bb120deg\u00bb background_color_gradient_stops=\u00bb#09a603 10%|#167150 67%|#14437e 100%\u00bb custom_padding=\u00bb0px||0px||false|false\u00bb global_module=\u00bb953&#8243; saved_tabs=\u00bball\u00bb global_colors_info=\u00bb{}\u00bb][et_pb_row _builder_version=\u00bb4.27.4&#8243; _module_preset=\u00bbdefault\u00bb custom_padding=\u00bb10px||0px||false|false\u00bb global_colors_info=\u00bb{}\u00bb][et_pb_column type=\u00bb4_4&#8243; _builder_version=\u00bb4.27.0&#8243; _module_preset=\u00bbdefault\u00bb global_colors_info=\u00bb{}\u00bb][dmpro_breadcrumbs bc_home_icon=\u00bboff\u00bb bc_separator_icon=\u00bb&#x35;||divi||400&#8243; bc_schema=\u00bboff\u00bb bc_separator_color=\u00bb#FFFFFF\u00bb bc_item_padding=\u00bb0px|0px|0px|0px|false|false\u00bb bc_active_item_color=\u00bbRGBA(255,255,255,0)\u00bb bc_hover_item_bg_color=\u00bbRGBA(255,255,255,0)\u00bb _builder_version=\u00bb4.27.4&#8243; _module_preset=\u00bbdefault\u00bb items_font=\u00bb|700|||||||\u00bb items_text_color=\u00bb#FFFFFF\u00bb hover_text_color=\u00bb#FFFFFF\u00bb active_text_color=\u00bb#FFFFFF\u00bb background_enable_color=\u00bboff\u00bb custom_margin=\u00bb-1px||||false|false\u00bb custom_padding=\u00bb0px||4px||false|false\u00bb global_colors_info=\u00bb{}\u00bb][\/dmpro_breadcrumbs][\/et_pb_column][\/et_pb_row][\/et_pb_section][et_pb_section fb_built=\u00bb1&#8243; _builder_version=\u00bb4.25.0&#8243; _module_preset=\u00bbdefault\u00bb custom_padding=\u00bb||5px|||\u00bb global_colors_info=\u00bb{}\u00bb][et_pb_row column_structure=\u00bb1_2,1_2&#8243; _builder_version=\u00bb4.27.4&#8243; _module_preset=\u00bbdefault\u00bb max_width=\u00bb1302px\u00bb custom_margin=\u00bb||||false|false\u00bb global_colors_info=\u00bb{}\u00bb][et_pb_column type=\u00bb1_2&#8243; _builder_version=\u00bb4.25.0&#8243; _module_preset=\u00bbdefault\u00bb global_colors_info=\u00bb{}\u00bb][et_pb_text _builder_version=\u00bb4.27.4&#8243; _module_preset=\u00bbdefault\u00bb global_colors_info=\u00bb{}\u00bb]<\/p>\n<h4>REGISTRO DE PQRS<\/h4>\n<h2>Se\u00f1or Usuario, por este medio podr\u00e1 radicar su solicitud de informaci\u00f3n p\u00fablica.<\/h2>\n<p style=\"text-align: left;\">Le indicamos que basta con la formulaci\u00f3n de una sola solicitud referida a los mismos hechos. Cuando se advierta que existen peticiones de id\u00e9ntico contenido, \u00fanicamente se tramitar\u00e1 la primera que haya sido radicada en la entidad por cualquiera de los medios dispuestos para tal efecto.<\/p>\n<p>[\/et_pb_text][et_pb_blurb use_icon=\u00bbon\u00bb font_icon=\u00bb&#xf002;||fa||900&#8243; icon_color=\u00bb#FFFFFF\u00bb icon_placement=\u00bbleft\u00bb image_icon_width=\u00bb47px\u00bb _builder_version=\u00bb4.27.4&#8243; _module_preset=\u00bbdefault\u00bb body_font=\u00bb|700|||||||\u00bb body_text_color=\u00bb#FFFFFF\u00bb body_font_size=\u00bb23px\u00bb use_background_color_gradient=\u00bbon\u00bb background_color_gradient_type=\u00bbcircular\u00bb background_color_gradient_direction_radial=\u00bbbottom left\u00bb background_color_gradient_stops=\u00bb#0d8c20 50%|#14437e 98%\u00bb width=\u00bb38%\u00bb min_height=\u00bb100px\u00bb custom_margin=\u00bb||||false|false\u00bb custom_padding=\u00bb25px|||13px|false|false\u00bb link_option_url=\u00bbhttps:\/\/orfeo.gecelca.com.co\/v62\/consultaWeb\/\u00bb link_option_url_new_window=\u00bbon\u00bb body_text_shadow_style=\u00bbpreset1&#8243; border_radii=\u00bbon|10px|10px|10px|10px\u00bb box_shadow_style=\u00bbpreset1&#8243; box_shadow_color=\u00bb#B3B3B3&#8243; global_colors_info=\u00bb{}\u00bb]<\/p>\n<p>CONSULTA TU PRQS<\/p>\n<p>[\/et_pb_blurb][et_pb_blurb use_icon=\u00bbon\u00bb font_icon=\u00bb&#xe01a;||divi||400&#8243; icon_color=\u00bb#FFFFFF\u00bb icon_placement=\u00bbleft\u00bb image_icon_width=\u00bb52px\u00bb _builder_version=\u00bb4.27.4&#8243; _module_preset=\u00bbdefault\u00bb body_font=\u00bb|700|||||||\u00bb body_text_color=\u00bb#FFFFFF\u00bb body_font_size=\u00bb23px\u00bb use_background_color_gradient=\u00bbon\u00bb background_color_gradient_type=\u00bbcircular\u00bb background_color_gradient_direction_radial=\u00bbbottom left\u00bb background_color_gradient_stops=\u00bb#0d8c20 50%|#14437e 98%\u00bb width=\u00bb38%\u00bb min_height=\u00bb100px\u00bb custom_margin=\u00bb||||false|false\u00bb custom_padding=\u00bb25px|||13px|false|false\u00bb link_option_url=\u00bbhttps:\/\/orfeo.gecelca.com.co\/v62\/formularioWeb\/index.php\u00bb link_option_url_new_window=\u00bbon\u00bb body_text_shadow_style=\u00bbpreset1&#8243; border_radii=\u00bbon|10px|10px|10px|10px\u00bb box_shadow_style=\u00bbpreset1&#8243; box_shadow_color=\u00bb#B3B3B3&#8243; global_colors_info=\u00bb{}\u00bb]<\/p>\n<p>REGISTRA TU PRQS<\/p>\n<p>[\/et_pb_blurb][\/et_pb_column][et_pb_column type=\u00bb1_2&#8243; _builder_version=\u00bb4.25.0&#8243; _module_preset=\u00bbdefault\u00bb global_colors_info=\u00bb{}\u00bb][et_pb_video src=\u00bbhttps:\/\/youtu.be\/6xLunVF5kBc\u00bb _builder_version=\u00bb4.27.4&#8243; _module_preset=\u00bbdefault\u00bb animation_style=\u00bbslide\u00bb animation_direction=\u00bbright\u00bb global_colors_info=\u00bb{}\u00bb][\/et_pb_video][\/et_pb_column][\/et_pb_row][\/et_pb_section][et_pb_section fb_built=\u00bb1&#8243; _builder_version=\u00bb4.27.4&#8243; _module_preset=\u00bbdefault\u00bb background_image=\u00bbhttps:\/\/gecelca3.com.co\/es\/wp-content\/uploads\/2024\/08\/LINEA-1.svg\u00bb background_size=\u00bbcontain\u00bb height=\u00bb229px\u00bb custom_margin=\u00bb||40px||false|false\u00bb custom_padding=\u00bb0px||54px||false|false\u00bb global_colors_info=\u00bb{}\u00bb][\/et_pb_section]<\/p>\n","protected":false},"excerpt":{"rendered":"<p><div class=\"et_pb_module dmpro_breadcrumbs dmpro_breadcrumbs_0\">\n\t\t\t\t\n\t\t\t\t\n\t\t\t\t\n\t\t\t\t\n\t\t\t\t\n\t\t\t\t\n\t\t\t\t<div class=\"et_pb_module_inner\">\n\t\t\t\t\t<div class=\"dmpro-breadcrumbs\">\n                <ul >\n                    \t\n                    <li  class=\"dmpro-breadcrumb-item dmpro-breadcrumb-home\">\n                                    <a  href=\"https:\/\/gecelca3.com.co\/es\">\n                        <span >\n                                                        Gecelca 3                        <\/span>\n                    <\/a>\n                                            <\/li>\n\t\t\t\n            \n            <li class=\"dmpro-breadcrumb-separator\"><span class=\"et-pb-icon dmpro-separator-icon\">&#x35;<\/span><\/li>\t\t\t\n            \n                <\/ul>\n            <\/div>\n\t\t\t\t<\/div>\n\t\t\t<\/div>REGISTRO DE PQRS Se\u00f1or Usuario, por este medio podr\u00e1 radicar su solicitud de\u2026 <a href=\"https:\/\/gecelca3.com.co\/es\/registro-pqrs\/\">Read More &raquo;<\/a><\/p>\n","protected":false},"author":1,"featured_media":0,"parent":0,"menu_order":0,"comment_status":"closed","ping_status":"closed","template":"","meta":{"_et_pb_use_builder":"on","_et_pb_old_content":"","_et_gb_content_width":"","footnotes":""},"class_list":["post-3625","page","type-page","status-publish","hentry"],"_links":{"self":[{"href":"https:\/\/gecelca3.com.co\/es\/wp-json\/wp\/v2\/pages\/3625","targetHints":{"allow":["GET"]}}],"collection":[{"href":"https:\/\/gecelca3.com.co\/es\/wp-json\/wp\/v2\/pages"}],"about":[{"href":"https:\/\/gecelca3.com.co\/es\/wp-json\/wp\/v2\/types\/page"}],"author":[{"embeddable":true,"href":"https:\/\/gecelca3.com.co\/es\/wp-json\/wp\/v2\/users\/1"}],"replies":[{"embeddable":true,"href":"https:\/\/gecelca3.com.co\/es\/wp-json\/wp\/v2\/comments?post=3625"}],"version-history":[{"count":19,"href":"https:\/\/gecelca3.com.co\/es\/wp-json\/wp\/v2\/pages\/3625\/revisions"}],"predecessor-version":[{"id":8163,"href":"https:\/\/gecelca3.com.co\/es\/wp-json\/wp\/v2\/pages\/3625\/revisions\/8163"}],"wp:attachment":[{"href":"https:\/\/gecelca3.com.co\/es\/wp-json\/wp\/v2\/media?parent=3625"}],"curies":[{"name":"wp","href":"https:\/\/api.w.org\/{rel}","templated":true}]}}