{"id":3523,"date":"2024-08-23T15:00:18","date_gmt":"2024-08-23T15:00:18","guid":{"rendered":"https:\/\/purple-octopus-624233.hostingersite.com\/?page_id=3523"},"modified":"2025-06-12T21:10:44","modified_gmt":"2025-06-12T21:10:44","slug":"noticias","status":"publish","type":"page","link":"https:\/\/gecelca3.com.co\/es\/noticias\/","title":{"rendered":"NOTICIAS"},"content":{"rendered":"<p>[et_pb_section fb_built=\u00bb1&#8243; _builder_version=\u00bb4.25.1&#8243; _module_preset=\u00bbdefault\u00bb custom_padding=\u00bb||0px|||\u00bb global_colors_info=\u00bb{}\u00bb][et_pb_row _builder_version=\u00bb4.27.0&#8243; _module_preset=\u00bbdefault\u00bb max_width=\u00bb1278px\u00bb global_colors_info=\u00bb{}\u00bb][et_pb_column type=\u00bb4_4&#8243; _builder_version=\u00bb4.27.0&#8243; _module_preset=\u00bbdefault\u00bb global_colors_info=\u00bb{}\u00bb][et_pb_text _builder_version=\u00bb4.27.0&#8243; _module_preset=\u00bbdefault\u00bb header_2_font=\u00bbMontserrat|700|||||||\u00bb header_2_text_color=\u00bb#14437E\u00bb header_2_font_size=\u00bb30px\u00bb header_2_letter_spacing=\u00bb1px\u00bb global_colors_info=\u00bb{}\u00bb]<\/p>\n<h2>Noticias<\/h2>\n<p>[\/et_pb_text][\/et_pb_column][\/et_pb_row][et_pb_row column_structure=\u00bb1_3,1_3,1_3&#8243; use_custom_gutter=\u00bbon\u00bb gutter_width=\u00bb2&#8243; _builder_version=\u00bb4.27.4&#8243; _module_preset=\u00bbdefault\u00bb max_width=\u00bb1431px\u00bb height=\u00bb639px\u00bb custom_margin=\u00bb-113px||||false|false\u00bb global_colors_info=\u00bb{}\u00bb][et_pb_column type=\u00bb1_3&#8243; _builder_version=\u00bb4.27.0&#8243; _module_preset=\u00bbdefault\u00bb global_colors_info=\u00bb{}\u00bb][et_pb_blurb title=\u00bbDICIEMBRE 2, 2024&#8243; image=\u00bbhttps:\/\/purple-octopus-624233.hostingersite.com\/wp-content\/uploads\/2025\/01\/graduacion_gecelca.jpg\u00bb image_icon_width=\u00bb100%\u00bb _builder_version=\u00bb4.27.4&#8243; _module_preset=\u00bbdefault\u00bb header_font=\u00bbMontserrat|600|||||||\u00bb header_text_color=\u00bb#000000&#8243; header_font_size=\u00bb14px\u00bb header_letter_spacing=\u00bb1px\u00bb body_font=\u00bbMontserrat|500||on|||||\u00bb body_text_color=\u00bb#14437E\u00bb body_line_height=\u00bb1em\u00bb image_icon_custom_margin=\u00bb22px||||false|false\u00bb custom_margin=\u00bb63px||18px||false|false\u00bb custom_padding=\u00bb0px||||false|false\u00bb body_letter_spacing_tablet=\u00bb\u00bb body_letter_spacing_phone=\u00bb\u00bb body_letter_spacing_last_edited=\u00bbon|desktop\u00bb border_radii=\u00bboff||80px||\u00bb border_radii_image=\u00bboff||60px||\u00bb global_colors_info=\u00bb{}\u00bb]<\/p>\n<p>GECELCA FOMENTA LA PRESERVACI\u00d3N DE LA CULTURA ZEN\u00da EN EL CABILDO GUACAR\u00cd LA ODISEA<\/p>\n<p>[\/et_pb_blurb][et_pb_button button_url=\u00bbhttps:\/\/revistadnotas.blogspot.com\/2024\/11\/gecelca-fomenta-la-preservacion-de-la.html\u00bb url_new_window=\u00bbon\u00bb button_text=\u00bbLeer Mas\u00bb _builder_version=\u00bb4.27.4&#8243; _module_preset=\u00bbdefault\u00bb custom_button=\u00bbon\u00bb button_text_size=\u00bb16px\u00bb button_text_color=\u00bb#FFFFFF\u00bb button_bg_use_color_gradient=\u00bbon\u00bb button_bg_color_gradient_direction=\u00bb94deg\u00bb button_bg_color_gradient_stops=\u00bb#09a603 64%|#167150 100%\u00bb button_border_radius=\u00bb26px\u00bb button_font=\u00bbMontserrat||||||||\u00bb global_colors_info=\u00bb{}\u00bb][\/et_pb_button][\/et_pb_column][et_pb_column type=\u00bb1_3&#8243; _builder_version=\u00bb4.27.0&#8243; _module_preset=\u00bbdefault\u00bb global_colors_info=\u00bb{}\u00bb][et_pb_blurb title=\u00bbMARZO 26, 2024&#8243; image=\u00bbhttps:\/\/purple-octopus-624233.hostingersite.com\/wp-content\/uploads\/2025\/01\/MODULO.jpg\u00bb image_icon_width=\u00bb91%\u00bb _builder_version=\u00bb4.27.4&#8243; _module_preset=\u00bbdefault\u00bb header_font=\u00bbMontserrat|600|||||||\u00bb header_text_color=\u00bb#000000&#8243; header_font_size=\u00bb14px\u00bb header_letter_spacing=\u00bb1px\u00bb body_font=\u00bbMontserrat|500||on|||||\u00bb body_text_color=\u00bb#14437E\u00bb body_line_height=\u00bb1em\u00bb custom_margin=\u00bb-8px||||false|false\u00bb custom_padding=\u00bb81px||||false|false\u00bb body_letter_spacing_tablet=\u00bb\u00bb body_letter_spacing_phone=\u00bb\u00bb body_letter_spacing_last_edited=\u00bbon|desktop\u00bb border_radii=\u00bboff||80px||\u00bb border_radii_image=\u00bboff||60px||\u00bb global_colors_info=\u00bb{}\u00bb]<\/p>\n<p>GECELCA RECIBE CERTIFICACI\u00d3N DE GREAT PLACE TO WORK COMO UNO DE LOS MEJORES LUGARES PARA TRABAJAR EN COLOMBIA<\/p>\n<p>[\/et_pb_blurb][et_pb_button button_url=\u00bbhttps:\/\/revistadnotas.blogspot.com\/2024\/11\/gecelca-fomenta-la-preservacion-de-la.html\u00bb url_new_window=\u00bbon\u00bb button_text=\u00bbLeer Mas\u00bb _builder_version=\u00bb4.27.4&#8243; _module_preset=\u00bbdefault\u00bb custom_button=\u00bbon\u00bb button_text_size=\u00bb16px\u00bb button_text_color=\u00bb#FFFFFF\u00bb button_bg_use_color_gradient=\u00bbon\u00bb button_bg_color_gradient_direction=\u00bb94deg\u00bb button_bg_color_gradient_stops=\u00bb#09a603 64%|#167150 100%\u00bb button_border_radius=\u00bb26px\u00bb button_font=\u00bbMontserrat||||||||\u00bb global_colors_info=\u00bb{}\u00bb][\/et_pb_button][\/et_pb_column][et_pb_column type=\u00bb1_3&#8243; _builder_version=\u00bb4.27.0&#8243; _module_preset=\u00bbdefault\u00bb global_colors_info=\u00bb{}\u00bb][et_pb_blurb title=\u00bbagosto 12, 2022&#8243; image=\u00bbhttps:\/\/purple-octopus-624233.hostingersite.com\/wp-content\/uploads\/2024\/08\/Jornada-de-salud-en-el-corregimiento-de-Mingueo-municipio-de-Dibulla.-qmkwxbjhjma3o41x25s44628hmii3n96gf788gveq8.jpg\u00bb image_icon_width=\u00bb87%\u00bb _builder_version=\u00bb4.27.4&#8243; _module_preset=\u00bbdefault\u00bb header_font=\u00bbMontserrat|600|||||||\u00bb header_text_color=\u00bb#000000&#8243; header_font_size=\u00bb14px\u00bb header_letter_spacing=\u00bb1px\u00bb body_font=\u00bbMontserrat|500||on|||||\u00bb body_text_color=\u00bb#14437E\u00bb body_line_height=\u00bb1em\u00bb custom_margin=\u00bb77px||||false|false\u00bb hover_enabled=\u00bb0&#8243; body_letter_spacing_tablet=\u00bb\u00bb body_letter_spacing_phone=\u00bb\u00bb body_letter_spacing_last_edited=\u00bbon|desktop\u00bb border_radii=\u00bboff||80px||\u00bb border_radii_image=\u00bboff||60px||\u00bb global_colors_info=\u00bb{}\u00bb sticky_enabled=\u00bb0&#8243;]<\/p>\n<p>Con salud llega Gecelca a los rincones de La Guajira<\/p>\n<p>[\/et_pb_blurb][et_pb_button button_url=\u00bbhttps:\/\/laguajirahoy.com\/salud\/con-salud-llega-gecelca-a-los-rincones-de-la-guajira.html\u00bb button_text=\u00bbLeer Mas\u00bb _builder_version=\u00bb4.27.4&#8243; _module_preset=\u00bbdefault\u00bb custom_button=\u00bbon\u00bb button_text_size=\u00bb16px\u00bb button_text_color=\u00bb#FFFFFF\u00bb button_bg_use_color_gradient=\u00bbon\u00bb button_bg_color_gradient_direction=\u00bb94deg\u00bb button_bg_color_gradient_stops=\u00bb#09a603 64%|#167150 100%\u00bb button_border_radius=\u00bb26px\u00bb button_font=\u00bbMontserrat||||||||\u00bb hover_enabled=\u00bb0&#8243; global_colors_info=\u00bb{}\u00bb url_new_window=\u00bbon\u00bb sticky_enabled=\u00bb0&#8243;][\/et_pb_button][\/et_pb_column][\/et_pb_row][et_pb_row column_structure=\u00bb1_3,1_3,1_3&#8243; use_custom_gutter=\u00bbon\u00bb gutter_width=\u00bb2&#8243; _builder_version=\u00bb4.27.0&#8243; _module_preset=\u00bbdefault\u00bb max_width=\u00bb1431px\u00bb global_colors_info=\u00bb{}\u00bb][et_pb_column type=\u00bb1_3&#8243; _builder_version=\u00bb4.27.0&#8243; _module_preset=\u00bbdefault\u00bb global_colors_info=\u00bb{}\u00bb][et_pb_blurb title=\u00bbagosto 12, 2022&#8243; image=\u00bbhttps:\/\/purple-octopus-624233.hostingersite.com\/wp-content\/uploads\/2024\/08\/gecelca-1-768&#215;419-1-qmkwxfauayf8yjwgg7eme542v5zyyfo3sxt65kpu1c.jpg\u00bb image_icon_width=\u00bb94%\u00bb _builder_version=\u00bb4.27.4&#8243; _module_preset=\u00bbdefault\u00bb header_font=\u00bbMontserrat|600|||||||\u00bb header_text_color=\u00bb#000000&#8243; header_font_size=\u00bb14px\u00bb header_letter_spacing=\u00bb1px\u00bb body_font=\u00bbMontserrat|500||on|||||\u00bb body_text_color=\u00bb#14437E\u00bb body_line_height=\u00bb1em\u00bb custom_margin=\u00bb-38px||||false|false\u00bb body_letter_spacing_tablet=\u00bb\u00bb body_letter_spacing_phone=\u00bb\u00bb body_letter_spacing_last_edited=\u00bbon|desktop\u00bb border_radii=\u00bboff||80px||\u00bb border_radii_image=\u00bboff||60px||\u00bb global_colors_info=\u00bb{}\u00bb]<\/p>\n<p>Gecelca sigue aportando a la educaci\u00f3n de los j\u00f3venes de Puerto Libertador<\/p>\n<p>[\/et_pb_blurb][et_pb_button button_text=\u00bbLeer Mas\u00bb _builder_version=\u00bb4.27.0&#8243; _module_preset=\u00bbdefault\u00bb custom_button=\u00bbon\u00bb button_text_size=\u00bb16px\u00bb button_text_color=\u00bb#FFFFFF\u00bb button_bg_use_color_gradient=\u00bbon\u00bb button_bg_color_gradient_direction=\u00bb94deg\u00bb button_bg_color_gradient_stops=\u00bb#09a603 64%|#167150 100%\u00bb button_border_radius=\u00bb26px\u00bb button_font=\u00bbMontserrat||||||||\u00bb global_colors_info=\u00bb{}\u00bb][\/et_pb_button][\/et_pb_column][et_pb_column type=\u00bb1_3&#8243; _builder_version=\u00bb4.27.0&#8243; _module_preset=\u00bbdefault\u00bb global_colors_info=\u00bb{}\u00bb][et_pb_blurb title=\u00bbagosto 1, 2022&#8243; image=\u00bbhttps:\/\/purple-octopus-624233.hostingersite.com\/wp-content\/uploads\/2024\/08\/whatsapp_image_2020-10-19_at_5.25.29_pm-qmkwxfauayf8yjwgg7eme542v5zyyfo3sxt65kpu1c.jpeg\u00bb image_icon_width=\u00bb94%\u00bb _builder_version=\u00bb4.27.4&#8243; _module_preset=\u00bbdefault\u00bb header_font=\u00bbMontserrat|600|||||||\u00bb header_text_color=\u00bb#000000&#8243; header_font_size=\u00bb14px\u00bb header_letter_spacing=\u00bb1px\u00bb body_font=\u00bbMontserrat|500||on|||||\u00bb body_text_color=\u00bb#14437E\u00bb body_line_height=\u00bb1em\u00bb custom_margin=\u00bb-37px||||false|false\u00bb body_letter_spacing_tablet=\u00bb\u00bb body_letter_spacing_phone=\u00bb\u00bb body_letter_spacing_last_edited=\u00bbon|desktop\u00bb border_radii=\u00bboff||80px||\u00bb border_radii_image=\u00bboff||60px||\u00bb global_colors_info=\u00bb{}\u00bb]<\/p>\n<p>Gecelca se encamina hacia la carbono neutralidad<\/p>\n<p>[\/et_pb_blurb][et_pb_button button_url=\u00bbhttps:\/\/www.elheraldo.co\/economia\/gecelca-se-encamina-hacia-la-carbono-neutralidad-925855&#8243; button_text=\u00bbLeer Mas\u00bb _builder_version=\u00bb4.27.4&#8243; _module_preset=\u00bbdefault\u00bb custom_button=\u00bbon\u00bb button_text_size=\u00bb16px\u00bb button_text_color=\u00bb#FFFFFF\u00bb button_bg_use_color_gradient=\u00bbon\u00bb button_bg_color_gradient_direction=\u00bb94deg\u00bb button_bg_color_gradient_stops=\u00bb#09a603 64%|#167150 100%\u00bb button_border_radius=\u00bb26px\u00bb button_font=\u00bbMontserrat||||||||\u00bb hover_enabled=\u00bb0&#8243; global_colors_info=\u00bb{}\u00bb url_new_window=\u00bbon\u00bb sticky_enabled=\u00bb0&#8243;][\/et_pb_button][\/et_pb_column][et_pb_column type=\u00bb1_3&#8243; _builder_version=\u00bb4.27.0&#8243; _module_preset=\u00bbdefault\u00bb global_colors_info=\u00bb{}\u00bb][et_pb_blurb title=\u00bbmayo 20, 2022&#8243; image=\u00bbhttps:\/\/purple-octopus-624233.hostingersite.com\/wp-content\/uploads\/2024\/08\/1-qmkwx32xu3yirme7fk4gzq7355o76dblf9buwz7ya8.jpg\u00bb image_icon_width=\u00bb94%\u00bb _builder_version=\u00bb4.27.4&#8243; _module_preset=\u00bbdefault\u00bb header_font=\u00bbMontserrat|600|||||||\u00bb header_text_color=\u00bb#000000&#8243; header_font_size=\u00bb14px\u00bb header_letter_spacing=\u00bb1px\u00bb body_font=\u00bbMontserrat|500||on|||||\u00bb body_text_color=\u00bb#14437E\u00bb body_line_height=\u00bb1em\u00bb custom_margin=\u00bb-37px||||false|false\u00bb body_letter_spacing_tablet=\u00bb\u00bb body_letter_spacing_phone=\u00bb\u00bb body_letter_spacing_last_edited=\u00bbon|desktop\u00bb border_radii=\u00bboff||80px||\u00bb border_radii_image=\u00bboff||60px||\u00bb global_colors_info=\u00bb{}\u00bb]<\/p>\n<p>Para Gecelca construir futuro es compartir su experiencia y conocimiento<\/p>\n<p>[\/et_pb_blurb][et_pb_button button_url=\u00bbhttps:\/\/laguajirahoy.com\/salud\/con-salud-llega-gecelca-a-los-rincones-de-la-guajira.html\u00bb url_new_window=\u00bbon\u00bb button_text=\u00bbLeer Mas\u00bb _builder_version=\u00bb4.27.4&#8243; _module_preset=\u00bbdefault\u00bb custom_button=\u00bbon\u00bb button_text_size=\u00bb16px\u00bb button_text_color=\u00bb#FFFFFF\u00bb button_bg_use_color_gradient=\u00bbon\u00bb button_bg_color_gradient_direction=\u00bb94deg\u00bb button_bg_color_gradient_stops=\u00bb#09a603 64%|#167150 100%\u00bb button_border_radius=\u00bb26px\u00bb button_font=\u00bbMontserrat||||||||\u00bb hover_enabled=\u00bb0&#8243; global_colors_info=\u00bb{}\u00bb sticky_enabled=\u00bb0&#8243;][\/et_pb_button][\/et_pb_column][\/et_pb_row][\/et_pb_section]<\/p>\n","protected":false},"excerpt":{"rendered":"<p>NoticiasGECELCA FOMENTA LA PRESERVACI\u00d3N DE LA CULTURA ZEN\u00da EN EL CABILDO GUACAR\u00cd LA ODISEAGECELCA RECIBE CERTIFICACI\u00d3N DE GREAT PLACE TO WORK COMO UNO DE LOS MEJORES LUGARES PARA TRABAJAR EN\u2026 <a href=\"https:\/\/gecelca3.com.co\/es\/noticias\/\">Read More &raquo;<\/a><\/p>\n","protected":false},"author":1,"featured_media":0,"parent":0,"menu_order":0,"comment_status":"closed","ping_status":"closed","template":"","meta":{"_et_pb_use_builder":"on","_et_pb_old_content":"","_et_gb_content_width":"","footnotes":""},"class_list":["post-3523","page","type-page","status-publish","hentry"],"_links":{"self":[{"href":"https:\/\/gecelca3.com.co\/es\/wp-json\/wp\/v2\/pages\/3523","targetHints":{"allow":["GET"]}}],"collection":[{"href":"https:\/\/gecelca3.com.co\/es\/wp-json\/wp\/v2\/pages"}],"about":[{"href":"https:\/\/gecelca3.com.co\/es\/wp-json\/wp\/v2\/types\/page"}],"author":[{"embeddable":true,"href":"https:\/\/gecelca3.com.co\/es\/wp-json\/wp\/v2\/users\/1"}],"replies":[{"embeddable":true,"href":"https:\/\/gecelca3.com.co\/es\/wp-json\/wp\/v2\/comments?post=3523"}],"version-history":[{"count":15,"href":"https:\/\/gecelca3.com.co\/es\/wp-json\/wp\/v2\/pages\/3523\/revisions"}],"predecessor-version":[{"id":6893,"href":"https:\/\/gecelca3.com.co\/es\/wp-json\/wp\/v2\/pages\/3523\/revisions\/6893"}],"wp:attachment":[{"href":"https:\/\/gecelca3.com.co\/es\/wp-json\/wp\/v2\/media?parent=3523"}],"curies":[{"name":"wp","href":"https:\/\/api.w.org\/{rel}","templated":true}]}}