{"id":3517,"date":"2024-08-21T04:33:28","date_gmt":"2024-08-21T04:33:28","guid":{"rendered":"https:\/\/purple-octopus-624233.hostingersite.com\/?page_id=3517"},"modified":"2026-04-17T13:53:16","modified_gmt":"2026-04-17T13:53:16","slug":"plan-de-compras","status":"publish","type":"page","link":"https:\/\/gecelca3.com.co\/es\/plan-de-compras\/","title":{"rendered":"PLAN DE COMPRAS"},"content":{"rendered":"<p>[et_pb_section fb_built=\u00bb1&#8243; _builder_version=\u00bb4.27.4&#8243; _module_preset=\u00bbdefault\u00bb use_background_color_gradient=\u00bbon\u00bb background_color_gradient_direction=\u00bb120deg\u00bb background_color_gradient_stops=\u00bb#09a603 10%|#167150 67%|#14437e 100%\u00bb custom_padding=\u00bb0px||0px||false|false\u00bb global_module=\u00bb953&#8243; saved_tabs=\u00bball\u00bb global_colors_info=\u00bb{}\u00bb][et_pb_row _builder_version=\u00bb4.27.4&#8243; _module_preset=\u00bbdefault\u00bb custom_padding=\u00bb10px||0px||false|false\u00bb global_colors_info=\u00bb{}\u00bb][et_pb_column type=\u00bb4_4&#8243; _builder_version=\u00bb4.27.0&#8243; _module_preset=\u00bbdefault\u00bb global_colors_info=\u00bb{}\u00bb][dmpro_breadcrumbs bc_home_icon=\u00bboff\u00bb bc_separator_icon=\u00bb&#x35;||divi||400&#8243; bc_schema=\u00bboff\u00bb bc_separator_color=\u00bb#FFFFFF\u00bb bc_item_padding=\u00bb0px|0px|0px|0px|false|false\u00bb bc_active_item_color=\u00bbRGBA(255,255,255,0)\u00bb bc_hover_item_bg_color=\u00bbRGBA(255,255,255,0)\u00bb _builder_version=\u00bb4.27.4&#8243; _module_preset=\u00bbdefault\u00bb items_font=\u00bb|700|||||||\u00bb items_text_color=\u00bb#FFFFFF\u00bb hover_text_color=\u00bb#FFFFFF\u00bb active_text_color=\u00bb#FFFFFF\u00bb background_enable_color=\u00bboff\u00bb custom_margin=\u00bb-1px||||false|false\u00bb custom_padding=\u00bb0px||4px||false|false\u00bb global_colors_info=\u00bb{}\u00bb][\/dmpro_breadcrumbs][\/et_pb_column][\/et_pb_row][\/et_pb_section][et_pb_section fb_built=\u00bb1&#8243; admin_label=\u00bbHeader\u00bb _builder_version=\u00bb4.27.4&#8243; _module_preset=\u00bbdefault\u00bb background_enable_image=\u00bboff\u00bb background_size=\u00bbcustom\u00bb background_image_width=\u00bb50%\u00bb background_position=\u00bbcenter_right\u00bb background_horizontal_offset=\u00bb0%\u00bb custom_padding=\u00bb0px||0px||true|false\u00bb locked=\u00bboff\u00bb collapsed=\u00bbon\u00bb global_colors_info=\u00bb{}\u00bb][et_pb_row column_structure=\u00bb1_2,1_2&#8243; use_custom_gutter=\u00bbon\u00bb gutter_width=\u00bb1&#8243; make_equal=\u00bbon\u00bb _builder_version=\u00bb4.27.4&#8243; _module_preset=\u00bbdefault\u00bb background_enable_color=\u00bboff\u00bb background_enable_image=\u00bboff\u00bb background_size=\u00bbinitial\u00bb background_position=\u00bbcenter_right\u00bb width=\u00bb100%\u00bb max_width=\u00bb2560px\u00bb custom_padding=\u00bb||0px|||\u00bb global_colors_info=\u00bb{}\u00bb][et_pb_column type=\u00bb1_2&#8243; _builder_version=\u00bb4.27.4&#8243; _module_preset=\u00bbdefault\u00bb background_enable_image=\u00bboff\u00bb background_size=\u00bbcustom\u00bb background_image_height=\u00bb18%\u00bb background_position=\u00bbtop_left\u00bb background_horizontal_offset=\u00bb-5%\u00bb background_vertical_offset=\u00bb14%\u00bb custom_padding=\u00bb7%|4%|7%|5%|true|false\u00bb global_colors_info=\u00bb{}\u00bb][et_pb_text _builder_version=\u00bb4.27.4&#8243; _module_preset=\u00bb1f09816e-184e-4ce5-a4cf-b39c52c423ca\u00bb custom_margin_tablet=\u00bb\u00bb custom_margin_phone=\u00bb||-68px||false|false\u00bb custom_margin_last_edited=\u00bbon|phone\u00bb global_colors_info=\u00bb{}\u00bb]<\/p>\n<h2 style=\"text-align: justify;\">Plan de Compras<\/h2>\n<p style=\"text-align: justify;\">La siguiente es la lista de bienes y servicios previstos para contratar en el a\u00f1o. Es un listado de referencia y el mismo podr\u00e1 tener modificaciones sin previo aviso. En todo caso, los procesos de contrataci\u00f3n que se adelanten atender\u00e1n a las modalidades de contrataci\u00f3n de acuerdo con el Reglamento de Contrataci\u00f3n de la empresa y a las instancias de aprobaci\u00f3n correspondientes.<\/p>\n<p>[\/et_pb_text][et_pb_blurb url=\u00bbhttps:\/\/s3.gecelca.com.co\/shared\/webgecelca3\/contratacion\/plan%20de%20compra\/PLAN-DE-COMPRAS-2022-GECELCA-3.pdf\u00bb url_new_window=\u00bbon\u00bb image=\u00bbhttps:\/\/gecelca3.com.co\/es\/wp-content\/uploads\/2024\/04\/icon-pdf-w.svg\u00bb icon_placement=\u00bbleft\u00bb image_icon_width=\u00bb115%\u00bb _builder_version=\u00bb4.27.4&#8243; _module_preset=\u00bbdefault\u00bb header_text_align=\u00bbleft\u00bb header_text_color=\u00bb#FFFFFF\u00bb header_font_size=\u00bb15px\u00bb header_letter_spacing=\u00bb1px\u00bb header_line_height=\u00bb1.3em\u00bb body_font=\u00bb|600|||||||\u00bb body_text_align=\u00bbcenter\u00bb body_text_color=\u00bb#FFFFFF\u00bb body_font_size=\u00bb14px\u00bb use_background_color_gradient=\u00bbon\u00bb background_color_gradient_direction=\u00bb92deg\u00bb background_color_gradient_stops=\u00bb#0d8c20 39%|#04ea08 100%\u00bb image_icon_custom_margin=\u00bb|||-5px|false|false\u00bb image_icon_custom_padding=\u00bb|||0px|false|false\u00bb transform_scale_tablet=\u00bb\u00bb transform_scale_phone=\u00bb\u00bb transform_scale_last_edited=\u00bbon|tablet\u00bb transform_translate_tablet=\u00bb0px|47px\u00bb transform_translate_phone=\u00bb0px|113px\u00bb transform_translate_last_edited=\u00bbon|tablet\u00bb transform_rotate_tablet=\u00bb\u00bb transform_rotate_phone=\u00bb\u00bb transform_rotate_last_edited=\u00bbon|tablet\u00bb transform_skew_tablet=\u00bb\u00bb transform_skew_phone=\u00bb\u00bb transform_skew_last_edited=\u00bbon|tablet\u00bb transform_origin_tablet=\u00bb\u00bb transform_origin_phone=\u00bb\u00bb transform_origin_last_edited=\u00bbon|tablet\u00bb transform_styles_last_edited=\u00bbon|tablet\u00bb width=\u00bb50%\u00bb custom_margin=\u00bb36px||||false|false\u00bb custom_padding=\u00bb11px|20px|11px|20px|true|true\u00bb animation=\u00bbleft\u00bb link_option_url=\u00bbhttps:\/\/s3.gecelca.com.co\/shared\/webgecelca3\/contratacion\/plan de compra\/PLAN DE COMPRAS G3 2026.pdf\u00bb link_option_url_new_window=\u00bbon\u00bb hover_enabled=\u00bb0&#8243; transform_styles_tablet=\u00bb\u00bb transform_styles_phone=\u00bb\u00bb border_radii=\u00bboff||||30px\u00bb border_style_right_image=\u00bbinset\u00bb box_shadow_style=\u00bbpreset1&#8243; global_colors_info=\u00bb{}\u00bb transform_styles__hover_enabled=\u00bbon|hover\u00bb transform_scale__hover=\u00bb105%|105%\u00bb transform_scale__hover_enabled=\u00bbon|hover\u00bb transform_translate__hover_enabled=\u00bbon|desktop\u00bb transform_rotate__hover_enabled=\u00bbon|desktop\u00bb transform_skew__hover_enabled=\u00bbon|desktop\u00bb transform_origin__hover_enabled=\u00bbon|desktop\u00bb sticky_enabled=\u00bb0&#8243;]<\/p>\n<p style=\"text-align: left;\">PLAN DE COMPRAS 2026<\/p>\n<p>[\/et_pb_blurb][\/et_pb_column][et_pb_column type=\u00bb1_2&#8243; _builder_version=\u00bb4.27.4&#8243; _module_preset=\u00bbdefault\u00bb background_image=\u00bbhttps:\/\/purple-octopus-624233.hostingersite.com\/wp-content\/uploads\/2024\/08\/Grupo-765.png\u00bb background_size=\u00bbcustom\u00bb background_image_width=\u00bb82%\u00bb background_image_height=\u00bb100%\u00bb background_position=\u00bbcenter_right\u00bb background_horizontal_offset=\u00bb17%\u00bb custom_padding=\u00bb0px|||0px|false|false\u00bb global_colors_info=\u00bb{}\u00bb][et_pb_image src=\u00bbhttps:\/\/gecelca3.com.co\/es\/wp-content\/uploads\/2025\/02\/image-plan-compras.png\u00bb title_text=\u00bbimage-plan-compras\u00bb align=\u00bbright\u00bb _builder_version=\u00bb4.27.4&#8243; _module_preset=\u00bbdefault\u00bb custom_margin=\u00bb||||false|false\u00bb custom_margin_tablet=\u00bb||||false|false\u00bb custom_margin_phone=\u00bb105px||||false|false\u00bb custom_margin_last_edited=\u00bbon|phone\u00bb global_colors_info=\u00bb{}\u00bb][\/et_pb_image][\/et_pb_column][\/et_pb_row][\/et_pb_section]<\/p>\n","protected":false},"excerpt":{"rendered":"<p><div class=\"et_pb_module dmpro_breadcrumbs dmpro_breadcrumbs_0\">\n\t\t\t\t\n\t\t\t\t\n\t\t\t\t\n\t\t\t\t\n\t\t\t\t\n\t\t\t\t\n\t\t\t\t<div class=\"et_pb_module_inner\">\n\t\t\t\t\t<div class=\"dmpro-breadcrumbs\">\n                <ul >\n                    \t\n                    <li  class=\"dmpro-breadcrumb-item dmpro-breadcrumb-home\">\n                                    <a  href=\"https:\/\/gecelca3.com.co\/es\">\n                        <span >\n                                                        Gecelca 3                        <\/span>\n                    <\/a>\n                                            <\/li>\n\t\t\t\n            \n            <li class=\"dmpro-breadcrumb-separator\"><span class=\"et-pb-icon dmpro-separator-icon\">&#x35;<\/span><\/li>\t\t\t\n            \n                <\/ul>\n            <\/div>\n\t\t\t\t<\/div>\n\t\t\t<\/div>Plan de Compras La siguiente es la lista de bienes y servicios previstos\u2026 <a href=\"https:\/\/gecelca3.com.co\/es\/plan-de-compras\/\">Read More &raquo;<\/a><\/p>\n","protected":false},"author":1,"featured_media":0,"parent":0,"menu_order":0,"comment_status":"closed","ping_status":"closed","template":"","meta":{"_et_pb_use_builder":"on","_et_pb_old_content":"","_et_gb_content_width":"","footnotes":""},"class_list":["post-3517","page","type-page","status-publish","hentry"],"_links":{"self":[{"href":"https:\/\/gecelca3.com.co\/es\/wp-json\/wp\/v2\/pages\/3517","targetHints":{"allow":["GET"]}}],"collection":[{"href":"https:\/\/gecelca3.com.co\/es\/wp-json\/wp\/v2\/pages"}],"about":[{"href":"https:\/\/gecelca3.com.co\/es\/wp-json\/wp\/v2\/types\/page"}],"author":[{"embeddable":true,"href":"https:\/\/gecelca3.com.co\/es\/wp-json\/wp\/v2\/users\/1"}],"replies":[{"embeddable":true,"href":"https:\/\/gecelca3.com.co\/es\/wp-json\/wp\/v2\/comments?post=3517"}],"version-history":[{"count":38,"href":"https:\/\/gecelca3.com.co\/es\/wp-json\/wp\/v2\/pages\/3517\/revisions"}],"predecessor-version":[{"id":8306,"href":"https:\/\/gecelca3.com.co\/es\/wp-json\/wp\/v2\/pages\/3517\/revisions\/8306"}],"wp:attachment":[{"href":"https:\/\/gecelca3.com.co\/es\/wp-json\/wp\/v2\/media?parent=3517"}],"curies":[{"name":"wp","href":"https:\/\/api.w.org\/{rel}","templated":true}]}}