{"id":3320,"date":"2024-08-19T13:55:34","date_gmt":"2024-08-19T13:55:34","guid":{"rendered":"https:\/\/purple-octopus-624233.hostingersite.com\/?page_id=3320"},"modified":"2026-02-12T15:30:01","modified_gmt":"2026-02-12T15:30:01","slug":"gobierno-corporativo","status":"publish","type":"page","link":"https:\/\/gecelca3.com.co\/es\/gobierno-corporativo\/","title":{"rendered":"GOBIERNO CORPORATICO"},"content":{"rendered":"<p>[et_pb_section fb_built=\u00bb1&#8243; _builder_version=\u00bb4.27.0&#8243; _module_preset=\u00bbdefault\u00bb use_background_color_gradient=\u00bbon\u00bb background_color_gradient_direction=\u00bb120deg\u00bb background_color_gradient_stops=\u00bb#09a603 10%|#167150 67%|#14437e 100%\u00bb custom_padding=\u00bb0px||0px||false|false\u00bb global_module=\u00bb953&#8243; saved_tabs=\u00bball\u00bb global_colors_info=\u00bb{}\u00bb][et_pb_row _builder_version=\u00bb4.27.4&#8243; _module_preset=\u00bbdefault\u00bb custom_padding=\u00bb10px||0px||false|false\u00bb global_colors_info=\u00bb{}\u00bb][et_pb_column type=\u00bb4_4&#8243; _builder_version=\u00bb4.27.0&#8243; _module_preset=\u00bbdefault\u00bb global_colors_info=\u00bb{}\u00bb][dmpro_breadcrumbs bc_home_icon=\u00bboff\u00bb bc_separator_icon=\u00bb&#x35;||divi||400&#8243; bc_schema=\u00bboff\u00bb bc_separator_color=\u00bb#FFFFFF\u00bb bc_item_padding=\u00bb0px|0px|0px|0px|false|false\u00bb bc_active_item_color=\u00bbRGBA(255,255,255,0)\u00bb bc_hover_item_bg_color=\u00bbRGBA(255,255,255,0)\u00bb _builder_version=\u00bb4.27.4&#8243; _module_preset=\u00bbdefault\u00bb items_font=\u00bb|700|||||||\u00bb items_text_color=\u00bb#FFFFFF\u00bb hover_text_color=\u00bb#FFFFFF\u00bb active_text_color=\u00bb#FFFFFF\u00bb background_enable_color=\u00bboff\u00bb min_height=\u00bb25px\u00bb height=\u00bb25px\u00bb max_height=\u00bb25px\u00bb custom_margin=\u00bb-1px||||false|false\u00bb custom_padding=\u00bb0px||4px||false|false\u00bb global_colors_info=\u00bb{}\u00bb][\/dmpro_breadcrumbs][\/et_pb_column][\/et_pb_row][\/et_pb_section][et_pb_section fb_built=\u00bb1&#8243; _builder_version=\u00bb4.25.0&#8243; _module_preset=\u00bbdefault\u00bb custom_padding=\u00bb||0px|||\u00bb global_colors_info=\u00bb{}\u00bb][et_pb_row column_structure=\u00bb3_5,2_5&#8243; _builder_version=\u00bb4.27.4&#8243; _module_preset=\u00bbdefault\u00bb max_width=\u00bb1302px\u00bb global_colors_info=\u00bb{}\u00bb][et_pb_column type=\u00bb3_5&#8243; _builder_version=\u00bb4.25.0&#8243; _module_preset=\u00bbdefault\u00bb global_colors_info=\u00bb{}\u00bb][et_pb_text _builder_version=\u00bb4.27.0&#8243; _module_preset=\u00bbdefault\u00bb text_font=\u00bbMontserrat|300|||||||\u00bb text_text_color=\u00bb#000000&#8243; header_2_font=\u00bbMontserrat|700|||||||\u00bb header_2_text_align=\u00bbjustify\u00bb header_2_text_color=\u00bb#154280&#8243; header_2_font_size=\u00bb30px\u00bb header_2_letter_spacing=\u00bb1px\u00bb header_2_line_height=\u00bb1.3em\u00bb text_orientation=\u00bbjustified\u00bb global_colors_info=\u00bb{}\u00bb]<\/p>\n<h2>Estamos comprometidos con la integraci\u00f3n y aplicaci\u00f3n de las mejores pr\u00e1cticas de gobierno corporativo.<\/h2>\n<p>Con el fin de preservar la \u00e9tica empresarial y la eficiencia en la gesti\u00f3n, buscando generar mayor confianza a nuestros grupos de inter\u00e9s y al mercado en general, en aras de alcanzar una mayor competitividad, mediante el reconocimiento y respeto de los derechos de los grupos de inter\u00e9s y pol\u00edticas claras de transparencia en la gesti\u00f3n y divulgaci\u00f3n de informaci\u00f3n relativa al negocio.<\/p>\n<p>[\/et_pb_text][\/et_pb_column][et_pb_column type=\u00bb2_5&#8243; _builder_version=\u00bb4.27.0&#8243; _module_preset=\u00bbdefault\u00bb transform_scale_tablet=\u00bb\u00bb transform_scale_phone=\u00bb\u00bb transform_scale_last_edited=\u00bbon|desktop\u00bb transform_translate=\u00bb83px|-34px\u00bb transform_translate_tablet=\u00bb-4px|-5px\u00bb transform_translate_phone=\u00bb-4px|-5px\u00bb transform_translate_last_edited=\u00bbon|desktop\u00bb transform_translate_linked=\u00bboff\u00bb transform_rotate_tablet=\u00bb\u00bb transform_rotate_phone=\u00bb\u00bb transform_rotate_last_edited=\u00bbon|desktop\u00bb transform_skew_tablet=\u00bb\u00bb transform_skew_phone=\u00bb\u00bb transform_skew_last_edited=\u00bbon|desktop\u00bb transform_origin_tablet=\u00bb\u00bb transform_origin_phone=\u00bb\u00bb transform_origin_last_edited=\u00bbon|desktop\u00bb transform_styles_last_edited=\u00bbon|desktop\u00bb custom_padding_tablet=\u00bb41px||0px||false|false\u00bb custom_padding_phone=\u00bb41px||0px||false|false\u00bb custom_padding_last_edited=\u00bbon|tablet\u00bb transform_styles_tablet=\u00bb\u00bb transform_styles_phone=\u00bb\u00bb global_colors_info=\u00bb{}\u00bb][et_pb_blurb title=\u00bbC\u00d3DIGO DE \u00bb image=\u00bbhttps:\/\/gecelca3.com.co\/es\/wp-content\/uploads\/2024\/04\/icon-pdf.svg\u00bb icon_placement=\u00bbleft\u00bb content_max_width=\u00bb463px\u00bb _builder_version=\u00bb4.27.4&#8243; _module_preset=\u00bbdefault\u00bb header_font=\u00bbMontserrat|300|||||||\u00bb header_text_color=\u00bb#000000&#8243; header_font_size=\u00bb14px\u00bb header_line_height=\u00bb0.3em\u00bb body_font=\u00bbMontserrat|700|||||||\u00bb body_text_color=\u00bb#000000&#8243; body_font_size=\u00bb13px\u00bb width=\u00bb55%\u00bb custom_margin=\u00bb||16px||false|false\u00bb custom_padding=\u00bb17px|10px|17px|10px|true|true\u00bb animation=\u00bbleft\u00bb link_option_url=\u00bbhttps:\/\/s3.gecelca.com.co\/shared\/webgecelca3\/conocenos\/gobierno corporativo\/CODIGO BUEN GOBIERO 2026\/Codigo Buen Gobierno 2026 1.pdf\u00bb link_option_url_new_window=\u00bbon\u00bb border_radii=\u00bboff||30px||\u00bb box_shadow_style=\u00bbpreset1&#8243; global_colors_info=\u00bb{}\u00bb transform_styles__hover_enabled=\u00bbon|hover\u00bb transform_scale__hover_enabled=\u00bbon|hover\u00bb transform_translate__hover_enabled=\u00bbon|desktop\u00bb transform_rotate__hover_enabled=\u00bbon|desktop\u00bb transform_skew__hover_enabled=\u00bbon|desktop\u00bb transform_origin__hover_enabled=\u00bbon|desktop\u00bb transform_scale__hover=\u00bb105%|105%\u00bb]<\/p>\n<p>BUEN GOBIERNO<\/p>\n<p>[\/et_pb_blurb][et_pb_blurb title=\u00bbC\u00d3DIGO DE \u00bb image=\u00bbhttps:\/\/gecelca3.com.co\/es\/wp-content\/uploads\/2024\/04\/icon-pdf.svg\u00bb icon_placement=\u00bbleft\u00bb content_max_width=\u00bb463px\u00bb _builder_version=\u00bb4.27.4&#8243; _module_preset=\u00bbdefault\u00bb header_font=\u00bbMontserrat|300|||||||\u00bb header_text_color=\u00bb#000000&#8243; header_font_size=\u00bb14px\u00bb header_line_height=\u00bb0.3em\u00bb body_font=\u00bbMontserrat|700|||||||\u00bb body_text_color=\u00bb#000000&#8243; body_font_size=\u00bb13px\u00bb width=\u00bb55%\u00bb custom_margin=\u00bb||16px||false|false\u00bb custom_padding=\u00bb17px|10px|17px|10px|true|true\u00bb animation=\u00bbleft\u00bb link_option_url=\u00bbhttps:\/\/s3.gecelca.com.co\/shared\/webgecelca3\/conocenos\/gobierno corporativo\/Codigo-de-Etica.pdf\u00bb link_option_url_new_window=\u00bbon\u00bb border_radii=\u00bboff||||\u00bb box_shadow_style=\u00bbpreset1&#8243; global_colors_info=\u00bb{}\u00bb transform_styles__hover_enabled=\u00bbon|hover\u00bb transform_scale__hover=\u00bb105%|105%\u00bb transform_scale__hover_enabled=\u00bbon|hover\u00bb transform_translate__hover_enabled=\u00bbon|desktop\u00bb transform_rotate__hover_enabled=\u00bbon|desktop\u00bb transform_skew__hover_enabled=\u00bbon|desktop\u00bb transform_origin__hover_enabled=\u00bbon|desktop\u00bb]<\/p>\n<p>\u00c9TICA<\/p>\n<p>[\/et_pb_blurb][et_pb_blurb title=\u00bbPROGRAMA DE\u00bb image=\u00bbhttps:\/\/gecelca3.com.co\/es\/wp-content\/uploads\/2024\/04\/icon-pdf.svg\u00bb icon_placement=\u00bbleft\u00bb content_max_width=\u00bb463px\u00bb _builder_version=\u00bb4.27.4&#8243; _module_preset=\u00bbdefault\u00bb header_font=\u00bbMontserrat|300|||||||\u00bb header_text_color=\u00bb#000000&#8243; header_font_size=\u00bb14px\u00bb header_line_height=\u00bb0.3em\u00bb body_font=\u00bbMontserrat|700|||||||\u00bb body_text_color=\u00bb#000000&#8243; body_font_size=\u00bb13px\u00bb width=\u00bb55%\u00bb custom_margin=\u00bb||16px||false|false\u00bb custom_padding=\u00bb17px|10px|17px|10px|true|true\u00bb animation=\u00bbleft\u00bb link_option_url=\u00bbhttps:\/\/s3.gecelca.com.co\/shared\/webgecelca3\/conocenos\/gobierno corporativo\/Programa-de-Transparencia-y-Etica-Empresarial.pdf\u00bb link_option_url_new_window=\u00bbon\u00bb border_radii=\u00bboff||||\u00bb box_shadow_style=\u00bbpreset1&#8243; global_colors_info=\u00bb{}\u00bb transform_styles__hover_enabled=\u00bbon|hover\u00bb transform_scale__hover=\u00bb105%|105%\u00bb transform_scale__hover_enabled=\u00bbon|hover\u00bb transform_translate__hover_enabled=\u00bbon|desktop\u00bb transform_rotate__hover_enabled=\u00bbon|desktop\u00bb transform_skew__hover_enabled=\u00bbon|desktop\u00bb transform_origin__hover_enabled=\u00bbon|desktop\u00bb]<\/p>\n<p>\u00c9TICA Y TRANSPARENCIA EMPRESARIAL<\/p>\n<p>[\/et_pb_blurb][et_pb_blurb title=\u00bbINFORME DE\u00bb image=\u00bbhttps:\/\/gecelca3.com.co\/es\/wp-content\/uploads\/2024\/04\/icon-pdf.svg\u00bb icon_placement=\u00bbleft\u00bb content_max_width=\u00bb463px\u00bb _builder_version=\u00bb4.27.4&#8243; _module_preset=\u00bbdefault\u00bb header_font=\u00bbMontserrat|300|||||||\u00bb header_text_color=\u00bb#000000&#8243; header_font_size=\u00bb14px\u00bb header_line_height=\u00bb0.3em\u00bb body_font=\u00bbMontserrat|700|||||||\u00bb body_text_color=\u00bb#000000&#8243; body_font_size=\u00bb13px\u00bb width=\u00bb55%\u00bb custom_margin=\u00bb||16px||false|false\u00bb custom_padding=\u00bb17px|10px|17px|10px|true|true\u00bb animation=\u00bbleft\u00bb link_option_url=\u00bbhttps:\/\/s3.gecelca.com.co\/shared\/webgecelca3\/conocenos\/gobierno%20corporativo\/INFORME%20GOB.%20CORP%20GECELCA%203%202024_.pdf\u00bb link_option_url_new_window=\u00bbon\u00bb border_radii=\u00bboff|||30px|\u00bb box_shadow_style=\u00bbpreset1&#8243; global_colors_info=\u00bb{}\u00bb transform_styles__hover_enabled=\u00bbon|hover\u00bb transform_scale__hover=\u00bb105%|105%\u00bb transform_scale__hover_enabled=\u00bbon|hover\u00bb transform_translate__hover_enabled=\u00bbon|desktop\u00bb transform_rotate__hover_enabled=\u00bbon|desktop\u00bb transform_skew__hover_enabled=\u00bbon|desktop\u00bb transform_origin__hover_enabled=\u00bbon|desktop\u00bb]<\/p>\n<p>GOBIERNO CORPORATIVO<\/p>\n<p>[\/et_pb_blurb][\/et_pb_column][\/et_pb_row][\/et_pb_section][et_pb_section fb_built=\u00bb1&#8243; _builder_version=\u00bb4.27.4&#8243; _module_preset=\u00bbdefault\u00bb background_image=\u00bbhttps:\/\/gecelca3.com.co\/es\/wp-content\/uploads\/2024\/08\/LINEA.svg\u00bb background_size=\u00bbstretch\u00bb transform_scale_tablet=\u00bb\u00bb transform_scale_phone=\u00bb\u00bb transform_scale_last_edited=\u00bbon|desktop\u00bb transform_translate=\u00bb1px|-116px\u00bb transform_translate_tablet=\u00bb1px|-116px\u00bb transform_translate_phone=\u00bb1px|-116px\u00bb transform_translate_last_edited=\u00bbon|desktop\u00bb transform_translate_linked=\u00bboff\u00bb transform_rotate_tablet=\u00bb\u00bb transform_rotate_phone=\u00bb\u00bb transform_rotate_last_edited=\u00bbon|desktop\u00bb transform_skew_tablet=\u00bb\u00bb transform_skew_phone=\u00bb\u00bb transform_skew_last_edited=\u00bbon|desktop\u00bb transform_origin_tablet=\u00bb\u00bb transform_origin_phone=\u00bb\u00bb transform_origin_last_edited=\u00bbon|desktop\u00bb transform_styles_last_edited=\u00bbon|desktop\u00bb height=\u00bb268px\u00bb custom_margin=\u00bb50px||3px||false|false\u00bb custom_padding=\u00bb0px||0px|||\u00bb transform_styles_tablet=\u00bb\u00bb transform_styles_phone=\u00bb\u00bb global_colors_info=\u00bb{}\u00bb][\/et_pb_section][et_pb_section fb_built=\u00bb1&#8243; _builder_version=\u00bb4.27.4&#8243; _module_preset=\u00bbdefault\u00bb custom_margin=\u00bb||||false|false\u00bb custom_padding=\u00bb||6px|||\u00bb global_colors_info=\u00bb{}\u00bb][et_pb_row column_structure=\u00bb1_2,1_2&#8243; _builder_version=\u00bb4.27.4&#8243; _module_preset=\u00bbdefault\u00bb width=\u00bb100%\u00bb max_width=\u00bb1485px\u00bb custom_padding=\u00bb|20px||20px|false|false\u00bb hover_enabled=\u00bb0&#8243; global_colors_info=\u00bb{}\u00bb custom_margin=\u00bb-46px||||false|false\u00bb sticky_enabled=\u00bb0&#8243;][et_pb_column type=\u00bb1_2&#8243; _builder_version=\u00bb4.27.4&#8243; _module_preset=\u00bbdefault\u00bb global_colors_info=\u00bb{}\u00bb][et_pb_text _builder_version=\u00bb4.27.4&#8243; _module_preset=\u00bbdefault\u00bb locked=\u00bboff\u00bb global_colors_info=\u00bb{}\u00bb]<\/p>\n<h3 class=\"elementor-heading-title elementor-size-default\">SISTEMA DE CONTROL EMPRESARIAL<\/h3>\n<p>&nbsp;<\/p>\n<h2>El Sistema de Control Interno tiene como principal objetivo coadyuvar al cumplimiento de los objetivos empresariales<\/h2>\n<p>Con el fin de preservar la \u00e9tica empresarial y la eficiencia en la gesti\u00f3n, buscando generar mayor confianza a nuestros grupos de inter\u00e9s y al mercado en general, en aras de alcanzar una mayor competitividad, mediante el reconocimiento y respeto de los derechos de los grupos de inter\u00e9s y pol\u00edticas claras de transparencia en la gesti\u00f3n y divulgaci\u00f3n de informaci\u00f3n relativa al negocio.<\/p>\n<p>[\/et_pb_text][\/et_pb_column][et_pb_column type=\u00bb1_2&#8243; _builder_version=\u00bb4.27.4&#8243; _module_preset=\u00bbdefault\u00bb global_colors_info=\u00bb{}\u00bb][et_pb_image src=\u00bbhttps:\/\/gecelca3.com.co\/es\/wp-content\/uploads\/2024\/09\/Enmascarar-grupo-47-1.png\u00bb title_text=\u00bbEnmascarar-grupo-47 (1)\u00bb _builder_version=\u00bb4.27.4&#8243; _module_preset=\u00bbdefault\u00bb border_radii=\u00bboff|||80px|\u00bb locked=\u00bboff\u00bb global_colors_info=\u00bb{}\u00bb][\/et_pb_image][\/et_pb_column][\/et_pb_row][\/et_pb_section][et_pb_section fb_built=\u00bb1&#8243; _builder_version=\u00bb4.27.4&#8243; _module_preset=\u00bbdefault\u00bb custom_padding=\u00bb2px|||||\u00bb global_colors_info=\u00bb{}\u00bb][et_pb_row column_structure=\u00bb1_3,1_3,1_3&#8243; _builder_version=\u00bb4.27.4&#8243; _module_preset=\u00bbdefault\u00bb max_width=\u00bb1302px\u00bb custom_padding=\u00bb||0px|||\u00bb locked=\u00bboff\u00bb global_colors_info=\u00bb{}\u00bb][et_pb_column type=\u00bb1_3&#8243; _builder_version=\u00bb4.27.0&#8243; _module_preset=\u00bbdefault\u00bb global_colors_info=\u00bb{}\u00bb][et_pb_blurb title=\u00bbConfiabilidad en los reportes financieros\u00bb use_icon=\u00bbon\u00bb font_icon=\u00bb&#xe052;||divi||400&#8243; icon_color=\u00bb#09A603&#8243; icon_placement=\u00bbleft\u00bb _builder_version=\u00bb4.27.4&#8243; _module_preset=\u00bbdefault\u00bb header_font=\u00bbMontserrat|300|||||||\u00bb header_text_color=\u00bb#000000&#8243; header_font_size=\u00bb16px\u00bb image_icon_custom_margin=\u00bb-6px||||false|false\u00bb global_colors_info=\u00bb{}\u00bb][\/et_pb_blurb][et_pb_blurb title=\u00bbCumplimiento de la normatividad aplicable\u00bb use_icon=\u00bbon\u00bb font_icon=\u00bb&#xe052;||divi||400&#8243; icon_color=\u00bb#00A500&#8243; icon_placement=\u00bbleft\u00bb _builder_version=\u00bb4.27.4&#8243; _module_preset=\u00bbdefault\u00bb header_font=\u00bbMontserrat|300|||||||\u00bb header_text_color=\u00bb#000000&#8243; header_font_size=\u00bb16px\u00bb image_icon_custom_margin=\u00bb-6px||||false|false\u00bb global_colors_info=\u00bb{}\u00bb][\/et_pb_blurb][\/et_pb_column][et_pb_column type=\u00bb1_3&#8243; _builder_version=\u00bb4.27.0&#8243; _module_preset=\u00bbdefault\u00bb global_colors_info=\u00bb{}\u00bb][et_pb_blurb title=\u00bbProtecci\u00f3n de activos\u00bb use_icon=\u00bbon\u00bb font_icon=\u00bb&#xe052;||divi||400&#8243; icon_color=\u00bb#00A500&#8243; icon_placement=\u00bbleft\u00bb _builder_version=\u00bb4.27.4&#8243; _module_preset=\u00bbdefault\u00bb header_font=\u00bbMontserrat|300|||||||\u00bb header_text_color=\u00bb#000000&#8243; header_font_size=\u00bb16px\u00bb image_icon_custom_margin=\u00bb-6px||||false|false\u00bb global_colors_info=\u00bb{}\u00bb][\/et_pb_blurb][et_pb_blurb title=\u00bb Eficacia y eficiencia de las operaciones\u00bb use_icon=\u00bbon\u00bb font_icon=\u00bb&#xe052;||divi||400&#8243; icon_color=\u00bb#00A500&#8243; icon_placement=\u00bbleft\u00bb _builder_version=\u00bb4.27.4&#8243; _module_preset=\u00bbdefault\u00bb header_font=\u00bbMontserrat|300|||||||\u00bb header_text_color=\u00bb#000000&#8243; header_font_size=\u00bb16px\u00bb image_icon_custom_margin=\u00bb-6px||||false|false\u00bb global_colors_info=\u00bb{}\u00bb][\/et_pb_blurb][\/et_pb_column][et_pb_column type=\u00bb1_3&#8243; _builder_version=\u00bb4.27.0&#8243; _module_preset=\u00bbdefault\u00bb global_colors_info=\u00bb{}\u00bb][\/et_pb_column][\/et_pb_row][et_pb_row column_structure=\u00bb1_3,1_3,1_3&#8243; use_custom_gutter=\u00bbon\u00bb gutter_width=\u00bb2&#8243; _builder_version=\u00bb4.27.4&#8243; _module_preset=\u00bbdefault\u00bb max_width=\u00bb1302px\u00bb locked=\u00bboff\u00bb global_colors_info=\u00bb{}\u00bb][et_pb_column type=\u00bb1_3&#8243; _builder_version=\u00bb4.27.0&#8243; _module_preset=\u00bbdefault\u00bb global_colors_info=\u00bb{}\u00bb][et_pb_blurb title=\u00bb2022&#8243; image=\u00bbhttps:\/\/gecelca3.com.co\/es\/wp-content\/uploads\/2024\/04\/icon-pdf.svg\u00bb icon_placement=\u00bbleft\u00bb _builder_version=\u00bb4.27.4&#8243; _module_preset=\u00bbdefault\u00bb header_font=\u00bbMontserrat||||||||\u00bb header_text_color=\u00bb#58aef4&#8243; header_font_size=\u00bb12px\u00bb header_line_height=\u00bb0.3em\u00bb body_font=\u00bbMontserrat|300|||||||\u00bb body_text_color=\u00bb#000000&#8243; background_color=\u00bb#FFFFFF\u00bb custom_margin=\u00bb||16px||false|false\u00bb custom_padding=\u00bb17px|10px|17px|10px|true|true\u00bb animation=\u00bbleft\u00bb link_option_url=\u00bbhttps:\/\/s3.gecelca.com.co\/shared\/webgecelca3\/conocenos\/gobierno corporativo\/EVALUACION-DEL-SISTEMA-DE-CONTROL-INTERNO-DE-GECELCA-S.A.-E.S.P.-VIGENCIA-2022.pdf\u00bb link_option_url_new_window=\u00bbon\u00bb border_radii=\u00bboff||||30px\u00bb box_shadow_style=\u00bbpreset1&#8243; global_colors_info=\u00bb{}\u00bb transform_styles__hover_enabled=\u00bbon|hover\u00bb transform_scale__hover=\u00bb105%|105%\u00bb transform_scale__hover_enabled=\u00bbon|hover\u00bb transform_translate__hover_enabled=\u00bbon|desktop\u00bb transform_rotate__hover_enabled=\u00bbon|desktop\u00bb transform_skew__hover_enabled=\u00bbon|desktop\u00bb transform_origin__hover_enabled=\u00bbon|desktop\u00bb]<\/p>\n<p>EVALUACI\u00d3N SICI 2022<\/p>\n<p>[\/et_pb_blurb][\/et_pb_column][et_pb_column type=\u00bb1_3&#8243; _builder_version=\u00bb4.27.0&#8243; _module_preset=\u00bbdefault\u00bb global_colors_info=\u00bb{}\u00bb][et_pb_blurb title=\u00bbinforme de auditor\u00eda\u00bb image=\u00bbhttps:\/\/gecelca3.com.co\/es\/wp-content\/uploads\/2024\/04\/icon-pdf.svg\u00bb icon_placement=\u00bbleft\u00bb _builder_version=\u00bb4.27.4&#8243; _module_preset=\u00bbdefault\u00bb header_font=\u00bbMontserrat|||on|||||\u00bb header_text_color=\u00bb#58aef4&#8243; header_font_size=\u00bb12px\u00bb header_line_height=\u00bb0.3em\u00bb body_font=\u00bbMontserrat|300||on|||||\u00bb body_text_color=\u00bb#000000&#8243; background_color=\u00bb#FFFFFF\u00bb custom_margin=\u00bb||16px||false|false\u00bb custom_padding=\u00bb17px|10px|17px|10px|true|true\u00bb animation=\u00bbleft\u00bb link_option_url=\u00bbhttps:\/\/s3.gecelca.com.co\/shared\/webgecelca3\/conocenos\/gobierno corporativo\/RESULTADOS-DE-AUDITORIAS-INTERNAS-ANO-2022-1.pdf\u00bb link_option_url_new_window=\u00bbon\u00bb border_radii=\u00bboff||||30px\u00bb box_shadow_style=\u00bbpreset1&#8243; global_colors_info=\u00bb{}\u00bb transform_styles__hover_enabled=\u00bbon|hover\u00bb transform_scale__hover=\u00bb105%|105%\u00bb transform_scale__hover_enabled=\u00bbon|hover\u00bb transform_translate__hover_enabled=\u00bbon|desktop\u00bb transform_rotate__hover_enabled=\u00bbon|desktop\u00bb transform_skew__hover_enabled=\u00bbon|desktop\u00bb transform_origin__hover_enabled=\u00bbon|desktop\u00bb]<\/p>\n<p>resumen auditorias misionales 2022<\/p>\n<p>[\/et_pb_blurb][\/et_pb_column][et_pb_column type=\u00bb1_3&#8243; _builder_version=\u00bb4.27.0&#8243; _module_preset=\u00bbdefault\u00bb global_colors_info=\u00bb{}\u00bb][et_pb_blurb title=\u00bbInforme de auditor\u00eda\u00bb image=\u00bbhttps:\/\/gecelca3.com.co\/es\/wp-content\/uploads\/2024\/04\/icon-pdf.svg\u00bb icon_placement=\u00bbleft\u00bb _builder_version=\u00bb4.27.4&#8243; _module_preset=\u00bbdefault\u00bb header_font=\u00bbMontserrat|||on|||||\u00bb header_text_color=\u00bb#58aef4&#8243; header_font_size=\u00bb12px\u00bb header_line_height=\u00bb0.3em\u00bb body_font=\u00bbMontserrat|300||on|||||\u00bb body_text_color=\u00bb#000000&#8243; background_color=\u00bb#FFFFFF\u00bb custom_margin=\u00bb||16px||false|false\u00bb custom_padding=\u00bb17px|20px|17px|20px|true|true\u00bb animation=\u00bbleft\u00bb link_option_url=\u00bbhttps:\/\/s3.gecelca.com.co\/shared\/webgecelca3\/conocenos\/gobierno corporativo\/RESULTADOS-DE-AUDITORIAS-INTERNAS-ANO-2022-1.pdf\u00bb border_radii=\u00bboff||||30px\u00bb box_shadow_style=\u00bbpreset1&#8243; global_colors_info=\u00bb{}\u00bb transform_styles__hover_enabled=\u00bbon|hover\u00bb transform_scale__hover=\u00bb105%|105%\u00bb transform_scale__hover_enabled=\u00bbon|hover\u00bb transform_translate__hover_enabled=\u00bbon|desktop\u00bb transform_rotate__hover_enabled=\u00bbon|desktop\u00bb transform_skew__hover_enabled=\u00bbon|desktop\u00bb transform_origin__hover_enabled=\u00bbon|desktop\u00bb]<\/p>\n<p>resumen auditorias misionales 2023<\/p>\n<p>[\/et_pb_blurb][\/et_pb_column][\/et_pb_row][\/et_pb_section]<\/p>\n","protected":false},"excerpt":{"rendered":"<p><div class=\"et_pb_module dmpro_breadcrumbs dmpro_breadcrumbs_0\">\n\t\t\t\t\n\t\t\t\t\n\t\t\t\t\n\t\t\t\t\n\t\t\t\t\n\t\t\t\t\n\t\t\t\t<div class=\"et_pb_module_inner\">\n\t\t\t\t\t<div class=\"dmpro-breadcrumbs\">\n                <ul >\n                    \t\n                    <li  class=\"dmpro-breadcrumb-item dmpro-breadcrumb-home\">\n                                    <a  href=\"https:\/\/gecelca3.com.co\/es\">\n                        <span >\n                                                        Gecelca 3                        <\/span>\n                    <\/a>\n                                            <\/li>\n\t\t\t\n            \n            <li class=\"dmpro-breadcrumb-separator\"><span class=\"et-pb-icon dmpro-separator-icon\">&#x35;<\/span><\/li>\t\t\t\n            \n                <\/ul>\n            <\/div>\n\t\t\t\t<\/div>\n\t\t\t<\/div>Estamos comprometidos con la integraci\u00f3n y aplicaci\u00f3n de las mejores\u2026 <a href=\"https:\/\/gecelca3.com.co\/es\/gobierno-corporativo\/\">Read More &raquo;<\/a><\/p>\n","protected":false},"author":1,"featured_media":0,"parent":0,"menu_order":0,"comment_status":"closed","ping_status":"closed","template":"","meta":{"_et_pb_use_builder":"on","_et_pb_old_content":"","_et_gb_content_width":"","footnotes":""},"class_list":["post-3320","page","type-page","status-publish","hentry"],"_links":{"self":[{"href":"https:\/\/gecelca3.com.co\/es\/wp-json\/wp\/v2\/pages\/3320","targetHints":{"allow":["GET"]}}],"collection":[{"href":"https:\/\/gecelca3.com.co\/es\/wp-json\/wp\/v2\/pages"}],"about":[{"href":"https:\/\/gecelca3.com.co\/es\/wp-json\/wp\/v2\/types\/page"}],"author":[{"embeddable":true,"href":"https:\/\/gecelca3.com.co\/es\/wp-json\/wp\/v2\/users\/1"}],"replies":[{"embeddable":true,"href":"https:\/\/gecelca3.com.co\/es\/wp-json\/wp\/v2\/comments?post=3320"}],"version-history":[{"count":27,"href":"https:\/\/gecelca3.com.co\/es\/wp-json\/wp\/v2\/pages\/3320\/revisions"}],"predecessor-version":[{"id":8076,"href":"https:\/\/gecelca3.com.co\/es\/wp-json\/wp\/v2\/pages\/3320\/revisions\/8076"}],"wp:attachment":[{"href":"https:\/\/gecelca3.com.co\/es\/wp-json\/wp\/v2\/media?parent=3320"}],"curies":[{"name":"wp","href":"https:\/\/api.w.org\/{rel}","templated":true}]}}